{"id":83337,"date":"2020-05-29T09:42:39","date_gmt":"2020-05-29T09:42:39","guid":{"rendered":"http:\/\/proquipsa.com\/catalogos\/?lang=ca"},"modified":"2022-07-06T10:27:08","modified_gmt":"2022-07-06T10:27:08","slug":"catalogos","status":"publish","type":"page","link":"https:\/\/proquipsa.com\/ca\/catalogos\/","title":{"rendered":"Cat\u00e0legs"},"content":{"rendered":"<div class=\"wpb-content-wrapper\"><p>[vc_row row_height_percent=&#8221;0&#8243; override_padding=&#8221;yes&#8221; h_padding=&#8221;2&#8243; top_padding=&#8221;5&#8243; bottom_padding=&#8221;5&#8243; overlay_alpha=&#8221;50&#8243; gutter_size=&#8221;3&#8243; column_width_percent=&#8221;100&#8243; shift_y=&#8221;0&#8243; z_index=&#8221;0&#8243; enable_bottom_divider=&#8221;default&#8221; bottom_divider=&#8221;step_3_4&#8243; shape_bottom_h_use_pixel=&#8221;&#8221; shape_bottom_height=&#8221;50&#8243; shape_bottom_color=&#8221;color-jevc&#8221; shape_bottom_opacity=&#8221;100&#8243; shape_bottom_index=&#8221;0&#8243; medium_visibility=&#8221;yes&#8221; mobile_visibility=&#8221;yes&#8221; el_id=&#8221;curtidos&#8221;][vc_column column_width_percent=&#8221;100&#8243; gutter_size=&#8221;3&#8243; overlay_alpha=&#8221;50&#8243; shift_x=&#8221;0&#8243; shift_y=&#8221;0&#8243; shift_y_down=&#8221;0&#8243; z_index=&#8221;0&#8243; medium_width=&#8221;0&#8243; mobile_width=&#8221;0&#8243; width=&#8221;1\/1&#8243;][vc_row_inner][vc_column_inner width=&#8221;1\/1&#8243;][vc_custom_heading heading_semantic=&#8221;h6&#8243; text_font=&#8221;font-125867&#8243; text_size=&#8221;fontsize-160000&#8243; text_weight=&#8221;400&#8243; text_transform=&#8221;uppercase&#8221; text_space=&#8221;fontspace-135905&#8243; text_color=&#8221;accent&#8221;]cat\u00e0legs Proquip S.A.[\/vc_custom_heading][\/vc_column_inner][\/vc_row_inner][vc_empty_space empty_h=&#8221;2&#8243;][vc_row_inner row_inner_height_percent=&#8221;0&#8243; overlay_alpha=&#8221;50&#8243; equal_height=&#8221;yes&#8221; gutter_size=&#8221;4&#8243; shift_y=&#8221;0&#8243; z_index=&#8221;0&#8243;][vc_column_inner column_width_percent=&#8221;100&#8243; gutter_size=&#8221;3&#8243; overlay_alpha=&#8221;50&#8243; shift_x=&#8221;0&#8243; shift_y=&#8221;0&#8243; shift_y_down=&#8221;0&#8243; z_index=&#8221;0&#8243; medium_width=&#8221;3&#8243; mobile_width=&#8221;0&#8243; radius=&#8221;sm&#8221; width=&#8221;1\/4&#8243;][vc_icon icon_image=&#8221;83439&#8243; media_size=&#8221;220&#8243; text_font=&#8221;font-511298&#8243; text_size=&#8221;h5&#8243; text_weight=&#8221;300&#8243; linked_title=&#8221;yes&#8221; title=&#8221;PRODUCTES QU\u00cdMICS PER A LA IND\u00daSTRIA&#8221; link=&#8221;url:https%3A%2F%2Fproquipsa.com%2Fwp-content%2Fuploads%2F2021%2F11%2FQuimics_CA.pdf|target:_blank&#8221;][\/vc_icon][\/vc_column_inner][vc_column_inner column_width_percent=&#8221;100&#8243; gutter_size=&#8221;3&#8243; overlay_alpha=&#8221;50&#8243; shift_x=&#8221;0&#8243; shift_y=&#8221;0&#8243; shift_y_down=&#8221;0&#8243; z_index=&#8221;0&#8243; medium_width=&#8221;3&#8243; mobile_width=&#8221;0&#8243; radius=&#8221;sm&#8221; width=&#8221;1\/4&#8243;][vc_icon icon_image=&#8221;83440&#8243; media_size=&#8221;220&#8243; text_font=&#8221;font-511298&#8243; text_size=&#8221;h5&#8243; text_weight=&#8221;300&#8243; linked_title=&#8221;yes&#8221; title=&#8221;PRODUCTES T\u00c8CNICS PER A CURTITS&#8221; link=&#8221;url:https%3A%2F%2Fproquipsa.com%2Fwp-content%2Fuploads%2F2020%2F10%2FCurtits_CA.pdf|target:_blank&#8221;][\/vc_icon][\/vc_column_inner][vc_column_inner column_width_percent=&#8221;100&#8243; gutter_size=&#8221;3&#8243; overlay_alpha=&#8221;50&#8243; shift_x=&#8221;0&#8243; shift_y=&#8221;0&#8243; shift_y_down=&#8221;0&#8243; z_index=&#8221;0&#8243; medium_width=&#8221;3&#8243; mobile_width=&#8221;0&#8243; radius=&#8221;sm&#8221; width=&#8221;1\/4&#8243; link_to=&#8221;|||&#8221;][vc_icon icon_image=&#8221;83441&#8243; media_size=&#8221;220&#8243; text_font=&#8221;font-511298&#8243; text_size=&#8221;h5&#8243; text_weight=&#8221;300&#8243; linked_title=&#8221;yes&#8221; title=&#8221;PRODUCTES T\u00c8CNICS PER AL TRACTAMENT D&#8217;AIG\u00dcES&#8221; link=&#8221;url:https%3A%2F%2Fproquipsa.com%2Fwp-content%2Fuploads%2F2021%2F05%2FAigues_CA.pdf|target:_blank&#8221;][\/vc_icon][\/vc_column_inner][vc_column_inner width=&#8221;1\/4&#8243;][vc_icon icon_image=&#8221;83273&#8243; media_size=&#8221;220&#8243; text_font=&#8221;font-511298&#8243; text_size=&#8221;h5&#8243; text_weight=&#8221;300&#8243; linked_title=&#8221;yes&#8221; title=&#8221;COLORANTS PRODERM&#8221; link=&#8221;url:http%3A%2F%2Fproquipsa.com%2Fwp-content%2Fuploads%2F2020%2F06%2FColorantes.pdf||target:%20_blank|&#8221;][\/vc_icon][\/vc_column_inner][\/vc_row_inner][vc_empty_space empty_h=&#8221;2&#8243;][\/vc_column][\/vc_row][vc_row row_height_percent=&#8221;0&#8243; override_padding=&#8221;yes&#8221; h_padding=&#8221;2&#8243; top_padding=&#8221;5&#8243; bottom_padding=&#8221;5&#8243; overlay_alpha=&#8221;50&#8243; gutter_size=&#8221;3&#8243; column_width_percent=&#8221;100&#8243; shift_y=&#8221;0&#8243; z_index=&#8221;0&#8243; enable_bottom_divider=&#8221;default&#8221; bottom_divider=&#8221;step_3_4&#8243; shape_bottom_h_use_pixel=&#8221;&#8221; shape_bottom_height=&#8221;50&#8243; shape_bottom_color=&#8221;color-jevc&#8221; shape_bottom_opacity=&#8221;100&#8243; shape_bottom_index=&#8221;0&#8243; desktop_visibility=&#8221;yes&#8221; el_id=&#8221;curtidos&#8221;][vc_column column_width_percent=&#8221;100&#8243; align_horizontal=&#8221;align_center&#8221; gutter_size=&#8221;3&#8243; overlay_alpha=&#8221;50&#8243; shift_x=&#8221;0&#8243; shift_y=&#8221;0&#8243; shift_y_down=&#8221;0&#8243; z_index=&#8221;0&#8243; medium_width=&#8221;0&#8243; mobile_width=&#8221;0&#8243; width=&#8221;1\/1&#8243;][vc_custom_heading heading_semantic=&#8221;h6&#8243; text_font=&#8221;font-125867&#8243; text_size=&#8221;fontsize-160000&#8243; text_weight=&#8221;400&#8243; text_transform=&#8221;uppercase&#8221; text_space=&#8221;fontspace-135905&#8243; text_color=&#8221;accent&#8221;]cat\u00e0legs Proquip S.A.[\/vc_custom_heading][vc_empty_space empty_h=&#8221;2&#8243;][vc_row_inner row_inner_height_percent=&#8221;0&#8243; overlay_alpha=&#8221;50&#8243; equal_height=&#8221;yes&#8221; gutter_size=&#8221;4&#8243; shift_y=&#8221;0&#8243; z_index=&#8221;0&#8243;][vc_column_inner column_width_percent=&#8221;100&#8243; align_horizontal=&#8221;align_center&#8221; gutter_size=&#8221;3&#8243; overlay_alpha=&#8221;50&#8243; shift_x=&#8221;0&#8243; shift_y=&#8221;0&#8243; shift_y_down=&#8221;0&#8243; z_index=&#8221;0&#8243; medium_width=&#8221;3&#8243; mobile_width=&#8221;0&#8243; radius=&#8221;sm&#8221; width=&#8221;1\/1&#8243;][vc_icon icon_image=&#8221;83439&#8243; media_size=&#8221;220&#8243; text_font=&#8221;font-511298&#8243; text_size=&#8221;h5&#8243; text_weight=&#8221;300&#8243; linked_title=&#8221;yes&#8221; title=&#8221;PRODUCTES QU\u00cdMICS PER A LA IND\u00daSTRIA&#8221; link=&#8221;url:https%3A%2F%2Fproquipsa.com%2Fwp-content%2Fuploads%2F2021%2F11%2FQuimics_CA.pdf|target:_blank&#8221;][\/vc_icon][vc_icon icon_image=&#8221;83068&#8243; media_size=&#8221;220&#8243; text_font=&#8221;font-511298&#8243; text_size=&#8221;h5&#8243; text_weight=&#8221;300&#8243; linked_title=&#8221;yes&#8221; title=&#8221;PRODUCTES T\u00c8CNICS PER CURTITS&#8221; link=&#8221;url:https%3A%2F%2Fproquipsa.com%2Fwp-content%2Fuploads%2F2020%2F10%2FCurtits_CA.pdf|target:_blank&#8221;][\/vc_icon][vc_icon icon_image=&#8221;83069&#8243; media_size=&#8221;220&#8243; text_font=&#8221;font-511298&#8243; text_size=&#8221;h5&#8243; text_weight=&#8221;300&#8243; linked_title=&#8221;yes&#8221; title=&#8221;PRODUCTES T\u00c8CNICS PER AL TRACTAMENT DE L&#8217;AIGUA&#8221; link=&#8221;url:http%3A%2F%2Fproquipsa.com%2Fwp-content%2Fuploads%2F2020%2F07%2FAigues_ES.pdf||target:%20_blank|&#8221;][\/vc_icon][vc_icon icon_image=&#8221;83273&#8243; media_size=&#8221;220&#8243; text_font=&#8221;font-511298&#8243; text_size=&#8221;h5&#8243; text_weight=&#8221;300&#8243; linked_title=&#8221;yes&#8221; title=&#8221;COLORANTS PRODERM&#8221; link=&#8221;url:http%3A%2F%2Fproquipsa.com%2Fwp-content%2Fuploads%2F2020%2F06%2FColorantes.pdf||target:%20_blank|&#8221;][\/vc_icon][\/vc_column_inner][\/vc_row_inner][vc_empty_space empty_h=&#8221;2&#8243;][\/vc_column][\/vc_row]<\/p>\n<\/div>","protected":false},"excerpt":{"rendered":"<p>[vc_row row_height_percent=&#8221;0&#8243; override_padding=&#8221;yes&#8221; h_padding=&#8221;2&#8243; top_padding=&#8221;5&#8243; bottom_padding=&#8221;5&#8243; overlay_alpha=&#8221;50&#8243; gutter_size=&#8221;3&#8243; column_width_percent=&#8221;100&#8243; shift_y=&#8221;0&#8243; z_index=&#8221;0&#8243; enable_bottom_divider=&#8221;default&#8221; bottom_divider=&#8221;step_3_4&#8243; shape_bottom_h_use_pixel=&#8221;&#8221; shape_bottom_height=&#8221;50&#8243; shape_bottom_color=&#8221;color-jevc&#8221; shape_bottom_opacity=&#8221;100&#8243; shape_bottom_index=&#8221;0&#8243; medium_visibility=&#8221;yes&#8221; mobile_visibility=&#8221;yes&#8221; [&hellip;]<\/p>\n","protected":false},"author":1,"featured_media":0,"parent":0,"menu_order":0,"comment_status":"closed","ping_status":"closed","template":"","meta":{"footnotes":""},"class_list":["post-83337","page","type-page","status-publish","hentry"],"yoast_head":"<!-- This site is optimized with the Yoast SEO plugin v26.8 - https:\/\/yoast.com\/product\/yoast-seo-wordpress\/ -->\r\n<title>Cat\u00e0legs - Proquip SA<\/title>\r\n<meta name=\"description\" content=\"Empresa l\u00edder en distribuci\u00f3, disseny i fabricaci\u00f3 de productes qu\u00edmics per a tots els sectors industrials.\" \/>\r\n<meta name=\"robots\" content=\"index, follow, max-snippet:-1, max-image-preview:large, max-video-preview:-1\" \/>\r\n<link rel=\"canonical\" href=\"https:\/\/proquipsa.com\/catalogos\/\" \/>\r\n<meta property=\"og:locale\" content=\"ca_ES\" \/>\r\n<meta property=\"og:type\" content=\"article\" \/>\r\n<meta property=\"og:title\" content=\"Cat\u00e0legs - Proquip SA\" \/>\r\n<meta property=\"og:description\" content=\"Empresa l\u00edder en distribuci\u00f3, disseny i fabricaci\u00f3 de productes qu\u00edmics per a tots els sectors industrials.\" \/>\r\n<meta property=\"og:url\" content=\"https:\/\/proquipsa.com\/catalogos\/\" \/>\r\n<meta property=\"og:site_name\" content=\"Proquip SA\" \/>\r\n<meta property=\"article:modified_time\" content=\"2022-07-06T10:27:08+00:00\" \/>\r\n<meta name=\"twitter:card\" content=\"summary_large_image\" \/>\r\n<meta name=\"twitter:label1\" content=\"Temps estimat de lectura\" \/>\n\t<meta name=\"twitter:data1\" content=\"4 minuts\" \/>\r\n<script type=\"application\/ld+json\" class=\"yoast-schema-graph\">{\"@context\":\"https:\/\/schema.org\",\"@graph\":[{\"@type\":\"WebPage\",\"@id\":\"https:\/\/proquipsa.com\/catalogos\/\",\"url\":\"https:\/\/proquipsa.com\/catalogos\/\",\"name\":\"Cat\u00e0legs - Proquip SA\",\"isPartOf\":{\"@id\":\"https:\/\/proquipsa.com\/#website\"},\"datePublished\":\"2020-05-29T09:42:39+00:00\",\"dateModified\":\"2022-07-06T10:27:08+00:00\",\"description\":\"Empresa l\u00edder en distribuci\u00f3, disseny i fabricaci\u00f3 de productes qu\u00edmics per a tots els sectors industrials.\",\"breadcrumb\":{\"@id\":\"https:\/\/proquipsa.com\/catalogos\/#breadcrumb\"},\"inLanguage\":\"ca\",\"potentialAction\":[{\"@type\":\"ReadAction\",\"target\":[\"https:\/\/proquipsa.com\/catalogos\/\"]}]},{\"@type\":\"BreadcrumbList\",\"@id\":\"https:\/\/proquipsa.com\/catalogos\/#breadcrumb\",\"itemListElement\":[{\"@type\":\"ListItem\",\"position\":1,\"name\":\"Portada\",\"item\":\"https:\/\/proquipsa.com\/ca\/\"},{\"@type\":\"ListItem\",\"position\":2,\"name\":\"Cat\u00e0legs\"}]},{\"@type\":\"WebSite\",\"@id\":\"https:\/\/proquipsa.com\/#website\",\"url\":\"https:\/\/proquipsa.com\/\",\"name\":\"Proquip SA\",\"description\":\"Chemical products for all industries\",\"potentialAction\":[{\"@type\":\"SearchAction\",\"target\":{\"@type\":\"EntryPoint\",\"urlTemplate\":\"https:\/\/proquipsa.com\/?s={search_term_string}\"},\"query-input\":{\"@type\":\"PropertyValueSpecification\",\"valueRequired\":true,\"valueName\":\"search_term_string\"}}],\"inLanguage\":\"ca\"}]}<\/script>\r\n<!-- \/ Yoast SEO plugin. -->","yoast_head_json":{"title":"Cat\u00e0legs - Proquip SA","description":"Empresa l\u00edder en distribuci\u00f3, disseny i fabricaci\u00f3 de productes qu\u00edmics per a tots els sectors industrials.","robots":{"index":"index","follow":"follow","max-snippet":"max-snippet:-1","max-image-preview":"max-image-preview:large","max-video-preview":"max-video-preview:-1"},"canonical":"https:\/\/proquipsa.com\/catalogos\/","og_locale":"ca_ES","og_type":"article","og_title":"Cat\u00e0legs - Proquip SA","og_description":"Empresa l\u00edder en distribuci\u00f3, disseny i fabricaci\u00f3 de productes qu\u00edmics per a tots els sectors industrials.","og_url":"https:\/\/proquipsa.com\/catalogos\/","og_site_name":"Proquip SA","article_modified_time":"2022-07-06T10:27:08+00:00","twitter_card":"summary_large_image","twitter_misc":{"Temps estimat de lectura":"4 minuts"},"schema":{"@context":"https:\/\/schema.org","@graph":[{"@type":"WebPage","@id":"https:\/\/proquipsa.com\/catalogos\/","url":"https:\/\/proquipsa.com\/catalogos\/","name":"Cat\u00e0legs - Proquip SA","isPartOf":{"@id":"https:\/\/proquipsa.com\/#website"},"datePublished":"2020-05-29T09:42:39+00:00","dateModified":"2022-07-06T10:27:08+00:00","description":"Empresa l\u00edder en distribuci\u00f3, disseny i fabricaci\u00f3 de productes qu\u00edmics per a tots els sectors industrials.","breadcrumb":{"@id":"https:\/\/proquipsa.com\/catalogos\/#breadcrumb"},"inLanguage":"ca","potentialAction":[{"@type":"ReadAction","target":["https:\/\/proquipsa.com\/catalogos\/"]}]},{"@type":"BreadcrumbList","@id":"https:\/\/proquipsa.com\/catalogos\/#breadcrumb","itemListElement":[{"@type":"ListItem","position":1,"name":"Portada","item":"https:\/\/proquipsa.com\/ca\/"},{"@type":"ListItem","position":2,"name":"Cat\u00e0legs"}]},{"@type":"WebSite","@id":"https:\/\/proquipsa.com\/#website","url":"https:\/\/proquipsa.com\/","name":"Proquip SA","description":"Chemical products for all industries","potentialAction":[{"@type":"SearchAction","target":{"@type":"EntryPoint","urlTemplate":"https:\/\/proquipsa.com\/?s={search_term_string}"},"query-input":{"@type":"PropertyValueSpecification","valueRequired":true,"valueName":"search_term_string"}}],"inLanguage":"ca"}]}},"_links":{"self":[{"href":"https:\/\/proquipsa.com\/ca\/wp-json\/wp\/v2\/pages\/83337","targetHints":{"allow":["GET"]}}],"collection":[{"href":"https:\/\/proquipsa.com\/ca\/wp-json\/wp\/v2\/pages"}],"about":[{"href":"https:\/\/proquipsa.com\/ca\/wp-json\/wp\/v2\/types\/page"}],"author":[{"embeddable":true,"href":"https:\/\/proquipsa.com\/ca\/wp-json\/wp\/v2\/users\/1"}],"replies":[{"embeddable":true,"href":"https:\/\/proquipsa.com\/ca\/wp-json\/wp\/v2\/comments?post=83337"}],"version-history":[{"count":11,"href":"https:\/\/proquipsa.com\/ca\/wp-json\/wp\/v2\/pages\/83337\/revisions"}],"predecessor-version":[{"id":84183,"href":"https:\/\/proquipsa.com\/ca\/wp-json\/wp\/v2\/pages\/83337\/revisions\/84183"}],"wp:attachment":[{"href":"https:\/\/proquipsa.com\/ca\/wp-json\/wp\/v2\/media?parent=83337"}],"curies":[{"name":"wp","href":"https:\/\/api.w.org\/{rel}","templated":true}]}}