{"id":83345,"date":"2020-06-30T11:54:19","date_gmt":"2020-06-30T11:54:19","guid":{"rendered":"http:\/\/proquipsa.com\/noticias\/?lang=ca"},"modified":"2021-03-18T18:02:34","modified_gmt":"2021-03-18T18:02:34","slug":"noticies","status":"publish","type":"page","link":"https:\/\/proquipsa.com\/ca\/noticies\/","title":{"rendered":"Not\u00edcies"},"content":{"rendered":"<div class=\"wpb-content-wrapper\"><p>[vc_row row_height_percent=&#8221;0&#8243; override_padding=&#8221;yes&#8221; h_padding=&#8221;2&#8243; top_padding=&#8221;5&#8243; bottom_padding=&#8221;5&#8243; overlay_alpha=&#8221;50&#8243; gutter_size=&#8221;2&#8243; column_width_percent=&#8221;100&#8243; shift_y=&#8221;0&#8243; z_index=&#8221;0&#8243;][vc_column column_width_percent=&#8221;100&#8243; gutter_size=&#8221;4&#8243; overlay_alpha=&#8221;50&#8243; shift_x=&#8221;0&#8243; shift_y=&#8221;0&#8243; shift_y_down=&#8221;0&#8243; z_index=&#8221;0&#8243; medium_width=&#8221;0&#8243; mobile_width=&#8221;0&#8243; width=&#8221;1\/1&#8243;][uncode_index el_id=&#8221;index-814808386&#8243; isotope_mode=&#8221;fitRows&#8221; loop=&#8221;size:10|order_by:date|post_type:post|categories:70|taxonomy_count:10&#8243; gutter_size=&#8221;3&#8243; post_items=&#8221;media|featured|onpost|poster,date,title,text|excerpt|150,category|bordered|topright|hide-icon,sep-one|full&#8221; screen_lg=&#8221;1000&#8243; screen_md=&#8221;600&#8243; screen_sm=&#8221;480&#8243; images_size=&#8221;four-three&#8221; single_overlay_color=&#8221;color-wvjs&#8221; single_overlay_opacity=&#8221;50&#8243; single_padding=&#8221;2&#8243; single_title_dimension=&#8221;h5&#8243; single_border=&#8221;yes&#8221;][\/vc_column][\/vc_row]<\/p>\n<\/div>","protected":false},"excerpt":{"rendered":"<p>[vc_row row_height_percent=&#8221;0&#8243; override_padding=&#8221;yes&#8221; h_padding=&#8221;2&#8243; top_padding=&#8221;5&#8243; bottom_padding=&#8221;5&#8243; overlay_alpha=&#8221;50&#8243; gutter_size=&#8221;2&#8243; column_width_percent=&#8221;100&#8243; shift_y=&#8221;0&#8243; z_index=&#8221;0&#8243;][vc_column column_width_percent=&#8221;100&#8243; gutter_size=&#8221;4&#8243; overlay_alpha=&#8221;50&#8243; shift_x=&#8221;0&#8243; shift_y=&#8221;0&#8243; shift_y_down=&#8221;0&#8243; z_index=&#8221;0&#8243; medium_width=&#8221;0&#8243; mobile_width=&#8221;0&#8243; [&hellip;]<\/p>\n","protected":false},"author":1,"featured_media":0,"parent":0,"menu_order":0,"comment_status":"closed","ping_status":"closed","template":"","meta":{"footnotes":""},"class_list":["post-83345","page","type-page","status-publish","hentry"],"yoast_head":"<!-- This site is optimized with the Yoast SEO plugin v26.8 - https:\/\/yoast.com\/product\/yoast-seo-wordpress\/ -->\r\n<title>Not\u00edcies - Proquip SA<\/title>\r\n<meta name=\"description\" content=\"Empresa l\u00edder en distribuci\u00f3, disseny i fabricaci\u00f3 de productes qu\u00edmics per a tots els sectors industrials.\" \/>\r\n<meta name=\"robots\" content=\"index, follow, max-snippet:-1, max-image-preview:large, max-video-preview:-1\" \/>\r\n<link rel=\"canonical\" href=\"https:\/\/proquipsa.com\/ca\/noticies\/\" \/>\r\n<meta property=\"og:locale\" content=\"ca_ES\" \/>\r\n<meta property=\"og:type\" content=\"article\" \/>\r\n<meta property=\"og:title\" content=\"Not\u00edcies - Proquip SA\" \/>\r\n<meta property=\"og:description\" content=\"Empresa l\u00edder en distribuci\u00f3, disseny i fabricaci\u00f3 de productes qu\u00edmics per a tots els sectors industrials.\" \/>\r\n<meta property=\"og:url\" content=\"https:\/\/proquipsa.com\/ca\/noticies\/\" \/>\r\n<meta property=\"og:site_name\" content=\"Proquip SA\" \/>\r\n<meta property=\"article:modified_time\" content=\"2021-03-18T18:02:34+00:00\" \/>\r\n<meta name=\"twitter:card\" content=\"summary_large_image\" \/>\r\n<meta name=\"twitter:label1\" content=\"Temps estimat de lectura\" \/>\n\t<meta name=\"twitter:data1\" content=\"1 minut\" \/>\r\n<script type=\"application\/ld+json\" class=\"yoast-schema-graph\">{\"@context\":\"https:\/\/schema.org\",\"@graph\":[{\"@type\":\"WebPage\",\"@id\":\"https:\/\/proquipsa.com\/ca\/noticies\/\",\"url\":\"https:\/\/proquipsa.com\/ca\/noticies\/\",\"name\":\"Not\u00edcies - Proquip SA\",\"isPartOf\":{\"@id\":\"https:\/\/proquipsa.com\/#website\"},\"datePublished\":\"2020-06-30T11:54:19+00:00\",\"dateModified\":\"2021-03-18T18:02:34+00:00\",\"description\":\"Empresa l\u00edder en distribuci\u00f3, disseny i fabricaci\u00f3 de productes qu\u00edmics per a tots els sectors industrials.\",\"breadcrumb\":{\"@id\":\"https:\/\/proquipsa.com\/ca\/noticies\/#breadcrumb\"},\"inLanguage\":\"ca\",\"potentialAction\":[{\"@type\":\"ReadAction\",\"target\":[\"https:\/\/proquipsa.com\/ca\/noticies\/\"]}]},{\"@type\":\"BreadcrumbList\",\"@id\":\"https:\/\/proquipsa.com\/ca\/noticies\/#breadcrumb\",\"itemListElement\":[{\"@type\":\"ListItem\",\"position\":1,\"name\":\"Portada\",\"item\":\"https:\/\/proquipsa.com\/ca\/\"},{\"@type\":\"ListItem\",\"position\":2,\"name\":\"Not\u00edcies\"}]},{\"@type\":\"WebSite\",\"@id\":\"https:\/\/proquipsa.com\/#website\",\"url\":\"https:\/\/proquipsa.com\/\",\"name\":\"Proquip SA\",\"description\":\"Chemical products for all industries\",\"potentialAction\":[{\"@type\":\"SearchAction\",\"target\":{\"@type\":\"EntryPoint\",\"urlTemplate\":\"https:\/\/proquipsa.com\/?s={search_term_string}\"},\"query-input\":{\"@type\":\"PropertyValueSpecification\",\"valueRequired\":true,\"valueName\":\"search_term_string\"}}],\"inLanguage\":\"ca\"}]}<\/script>\r\n<!-- \/ Yoast SEO plugin. -->","yoast_head_json":{"title":"Not\u00edcies - Proquip SA","description":"Empresa l\u00edder en distribuci\u00f3, disseny i fabricaci\u00f3 de productes qu\u00edmics per a tots els sectors industrials.","robots":{"index":"index","follow":"follow","max-snippet":"max-snippet:-1","max-image-preview":"max-image-preview:large","max-video-preview":"max-video-preview:-1"},"canonical":"https:\/\/proquipsa.com\/ca\/noticies\/","og_locale":"ca_ES","og_type":"article","og_title":"Not\u00edcies - Proquip SA","og_description":"Empresa l\u00edder en distribuci\u00f3, disseny i fabricaci\u00f3 de productes qu\u00edmics per a tots els sectors industrials.","og_url":"https:\/\/proquipsa.com\/ca\/noticies\/","og_site_name":"Proquip SA","article_modified_time":"2021-03-18T18:02:34+00:00","twitter_card":"summary_large_image","twitter_misc":{"Temps estimat de lectura":"1 minut"},"schema":{"@context":"https:\/\/schema.org","@graph":[{"@type":"WebPage","@id":"https:\/\/proquipsa.com\/ca\/noticies\/","url":"https:\/\/proquipsa.com\/ca\/noticies\/","name":"Not\u00edcies - Proquip SA","isPartOf":{"@id":"https:\/\/proquipsa.com\/#website"},"datePublished":"2020-06-30T11:54:19+00:00","dateModified":"2021-03-18T18:02:34+00:00","description":"Empresa l\u00edder en distribuci\u00f3, disseny i fabricaci\u00f3 de productes qu\u00edmics per a tots els sectors industrials.","breadcrumb":{"@id":"https:\/\/proquipsa.com\/ca\/noticies\/#breadcrumb"},"inLanguage":"ca","potentialAction":[{"@type":"ReadAction","target":["https:\/\/proquipsa.com\/ca\/noticies\/"]}]},{"@type":"BreadcrumbList","@id":"https:\/\/proquipsa.com\/ca\/noticies\/#breadcrumb","itemListElement":[{"@type":"ListItem","position":1,"name":"Portada","item":"https:\/\/proquipsa.com\/ca\/"},{"@type":"ListItem","position":2,"name":"Not\u00edcies"}]},{"@type":"WebSite","@id":"https:\/\/proquipsa.com\/#website","url":"https:\/\/proquipsa.com\/","name":"Proquip SA","description":"Chemical products for all industries","potentialAction":[{"@type":"SearchAction","target":{"@type":"EntryPoint","urlTemplate":"https:\/\/proquipsa.com\/?s={search_term_string}"},"query-input":{"@type":"PropertyValueSpecification","valueRequired":true,"valueName":"search_term_string"}}],"inLanguage":"ca"}]}},"_links":{"self":[{"href":"https:\/\/proquipsa.com\/ca\/wp-json\/wp\/v2\/pages\/83345","targetHints":{"allow":["GET"]}}],"collection":[{"href":"https:\/\/proquipsa.com\/ca\/wp-json\/wp\/v2\/pages"}],"about":[{"href":"https:\/\/proquipsa.com\/ca\/wp-json\/wp\/v2\/types\/page"}],"author":[{"embeddable":true,"href":"https:\/\/proquipsa.com\/ca\/wp-json\/wp\/v2\/users\/1"}],"replies":[{"embeddable":true,"href":"https:\/\/proquipsa.com\/ca\/wp-json\/wp\/v2\/comments?post=83345"}],"version-history":[{"count":5,"href":"https:\/\/proquipsa.com\/ca\/wp-json\/wp\/v2\/pages\/83345\/revisions"}],"predecessor-version":[{"id":83963,"href":"https:\/\/proquipsa.com\/ca\/wp-json\/wp\/v2\/pages\/83345\/revisions\/83963"}],"wp:attachment":[{"href":"https:\/\/proquipsa.com\/ca\/wp-json\/wp\/v2\/media?parent=83345"}],"curies":[{"name":"wp","href":"https:\/\/api.w.org\/{rel}","templated":true}]}}