{"id":83369,"date":"2020-05-28T09:45:28","date_gmt":"2020-05-28T09:45:28","guid":{"rendered":"http:\/\/proquipsa.com\/cookies\/?lang=ca"},"modified":"2024-02-05T10:17:07","modified_gmt":"2024-02-05T10:17:07","slug":"cookies","status":"publish","type":"page","link":"https:\/\/proquipsa.com\/ca\/cookies\/","title":{"rendered":"Cookies"},"content":{"rendered":"<div class=\"wpb-content-wrapper\"><p>[vc_row][vc_column width=&#8221;5\/6&#8243;][vc_custom_heading auto_text=&#8221;yes&#8221; uncode_shortcode_id=&#8221;910191&#8243;]This is a custom heading element.[\/vc_custom_heading][vc_column_text uncode_shortcode_id=&#8221;112850&#8243;]Aquest lloc web utilitza cookies pr\u00f2pies i de tercers per oferir-li una millor experi\u00e8ncia i servei. En navegar o utilitzar els nostres serveis l&#8217;usuari accepta l&#8217;\u00fas que fem de les cookies. No obstant aix\u00f2, l&#8217;usuari t\u00e9 l&#8217;opci\u00f3 d&#8217;impedir la generaci\u00f3 de cookies i l&#8217;eliminaci\u00f3 de les mateixes.<\/p>\n<p><strong>QU\u00c8 \u00c9S UNA COOKIE?<\/strong><\/p>\n<p>Una cookie \u00e9s un petit fragment de text que els llocs Web envien al navegador i que s&#8217;emmagatzemen al terminal de l&#8217;usuari, el qual pot ser un ordinador personal, un tel\u00e8fon m\u00f2bil, tablet, etc. Aquests arxius permeten que el lloc Web recordi informaci\u00f3 sobre la seva visita, com l&#8217;idioma i les opcions preferides, cosa que pot facilitar la seva pr\u00f2xima visita i fer que el lloc resulti m\u00e9s \u00fatil en personalitzar el seu contingut. Les cookies exerceixen un paper molt important, en millorar l&#8217;experi\u00e8ncia d&#8217;\u00fas de la Web.<\/p>\n<p><strong>TIPUS DE COOKIES <\/strong><\/p>\n<p>Segons l&#8217;entitat que les gestioni, les cookies poden ser:<\/p>\n<ul>\n<li><strong>Cookies pr\u00f2pies<\/strong>: S\u00f3n aquelles que s&#8217; envien a l&#8217; equip terminal de l&#8217; interessat des d&#8217; un equip o domini gestionat pel propi editor i des del qual es presta el servei demanat per l&#8217; usuari.<\/li>\n<li><strong>Cookies de tercers<\/strong>: S\u00f3n aquelles que s&#8217;envien a l&#8217;equip terminal de l&#8217;usuari des d&#8217;un equip o domini que no \u00e9s gestionat per l&#8217;editor, sin\u00f3 per una altra entitat que tracta les dades obtingudes a trav\u00e9s de les cookies.<\/li>\n<\/ul>\n<p>Segons el termini de temps que romanen activades:<\/p>\n<ul>\n<li><strong>Cookies de sessi\u00f3<\/strong>: S\u00f3n un tipus de cookies dissenyades per recaptar i emmagatzemar dades mentre l&#8217;usuari accedeix a una p\u00e0gina web. Se solen emprar per emmagatzemar informaci\u00f3 que nom\u00e9s interessa conservar per a la prestaci\u00f3 del servei sol\u00b7licitat per l&#8217;usuari en una sola ocasi\u00f3.<\/li>\n<li><strong>Cookies persistents<\/strong>: S\u00f3n un tipus de cookies en qu\u00e8 les dades segueixen emmagatzemades al terminal i poden ser accedides i tractades durant un per\u00edode definit pel responsable de la cookie, i que pot anar d&#8217;uns minuts a diversos anys.<\/li>\n<\/ul>\n<p>Segons la finalitat per a la qual es tractin les dades obtingudes a trav\u00e9s de les cookies, la web pot utilitzar:<\/p>\n<p><strong><em>Cookies t\u00e8cniques &#8211;<\/em><\/strong>S\u00f3n aquelles que permeten a l&#8217; usuari la navegaci\u00f3 a trav\u00e9s de la p\u00e0gina web o aplicaci\u00f3 i la utilitzaci\u00f3 de les diferents opcions o serveis que hi ha. Per exemple, controlar el tr\u00e0nsit i la comunicaci\u00f3 de dades, identificar la sessi\u00f3, accedir a les parts web d&#8217;acc\u00e9s restringit, recordar els elements que integren una comanda, realitzar la sol\u00b7licitud d&#8217;inscripci\u00f3 o participaci\u00f3 en un esdeveniment, utilitzar elements de seguretat durant la navegaci\u00f3 i emmagatzemar continguts per a la difusi\u00f3 de v\u00eddeos o so.<\/p>\n<p><strong><em>Cookies de personalitzaci\u00f3 &#8211;<\/em><\/strong>S\u00f3n aquelles que permeten a l&#8217;usuari accedir al servei amb algunes caracter\u00edstiques de car\u00e0cter general predefinides en el seu terminal o que el propi usuari defineixi. Per exemple, l&#8217;idioma, el tipus de navegador a trav\u00e9s del qual accedeix al servei, el disseny de continguts seleccionat, geolocalitzaci\u00f3 del terminal i la configuraci\u00f3 regional des d&#8217; on s&#8217;accedeix al servei.<\/p>\n<p><strong><em>Cookies publicit\u00e0ries &#8211;<\/em><\/strong>S\u00f3n aquelles que permeten la gesti\u00f3 efica\u00e7 dels espais publicitaris que s&#8217; han incl\u00f2s a la p\u00e0gina web o aplicaci\u00f3 des de la qual es presta el servei. Permeten adequar el contingut de la publicitat perqu\u00e8 aquesta sigui rellevant per a l&#8217;usuari i per evitar mostrar anuncis que l&#8217;usuari ja hagi vist.<\/p>\n<p><strong><em>Cookies de an\u00e0lisis estad\u00edstica &#8211;<\/em><\/strong>S\u00f3n aquelles que permeten fer el seguiment i an\u00e0lisi del comportament dels usuaris als llocs web. La informaci\u00f3 recollida mitjan\u00e7ant aquest tipus de cookies s&#8217;utilitza en el mesurament de l&#8217;activitat dels llocs web, aplicaci\u00f3 o plataforma i per a l&#8217;elaboraci\u00f3 de perfils de navegaci\u00f3 dels usuaris d&#8217;aquests llocs, per tal d&#8217;introduir millores en el servei en funci\u00f3 de les dades d&#8217;\u00fas que fan els usuaris.<\/p>\n<table width=\"614\">\n<tbody>\n<tr>\n<td width=\"99\"><strong>Finalitat<\/strong><\/td>\n<td width=\"103\"><strong>Nom de la Cookie<\/strong><\/td>\n<td width=\"79\"><strong>Propietat<\/strong><\/td>\n<td width=\"150\"><strong>Descripci\u00f3<\/strong><\/td>\n<td width=\"82\"><strong>Temps de conservaci\u00f3<\/strong><\/td>\n<td width=\"102\"><strong>REQUEREIX CONSENTIMENT<\/strong><\/td>\n<\/tr>\n<tr>\n<td width=\"99\">Publicitat<\/td>\n<td width=\"103\">__Secure-3PSIDCC<\/td>\n<td width=\"79\">Google<\/td>\n<td width=\"150\">Entrega d\u2019anuncios m\u00e9s rellevants per a vost\u00e9 i pels seus interessos<\/td>\n<td width=\"82\">1 any<\/td>\n<td width=\"102\">SI<\/td>\n<\/tr>\n<tr>\n<td width=\"99\">Publicitat<\/td>\n<td width=\"103\">__Secure-1PSIDCC<\/td>\n<td width=\"79\">Google<\/td>\n<td width=\"150\">Mesura el rendiment dels anuncis i proporciona recomanacions.<\/td>\n<td width=\"82\">2 anys<\/td>\n<td width=\"102\">SI<\/td>\n<\/tr>\n<tr>\n<td width=\"99\">Personalitzaci\u00f3<\/td>\n<td width=\"103\">SIDCC<\/td>\n<td width=\"79\">Google Maps<\/td>\n<td width=\"150\">per proporcionar la identificaci\u00f3 del tr\u00e0nsit web de confian\u00e7a.<\/td>\n<td width=\"82\">1 any<\/td>\n<td width=\"102\">SI<\/td>\n<\/tr>\n<tr>\n<td width=\"99\">Personalitzaci\u00f3<\/td>\n<td width=\"103\">SAPISID<\/td>\n<td width=\"79\">Google Ads<\/td>\n<td width=\"150\">Mostrar anuncis personalitzats als llocs de Google, basats en cerques recents i interaccions anteriors.<\/td>\n<td width=\"82\">2 anys<\/td>\n<td width=\"102\">SI<\/td>\n<\/tr>\n<tr>\n<td width=\"99\">Personalitzaci\u00f3<\/td>\n<td width=\"103\">APISID<\/td>\n<td width=\"79\">Google Ads<\/td>\n<td width=\"150\">Mostrar anuncis personalitzats als llocs de Google, basats en cerques recents i interaccions anteriors.<\/td>\n<td width=\"82\">2 anys<\/td>\n<td width=\"102\">SI<\/td>\n<\/tr>\n<tr>\n<td width=\"99\">Anal\u00edtica<\/td>\n<td width=\"103\">HSID<\/td>\n<td width=\"79\">Google Ads<\/td>\n<td width=\"150\">Prevenci\u00f3 del frau.<\/td>\n<td width=\"82\">2 anys<\/td>\n<td width=\"102\">SI<\/td>\n<\/tr>\n<tr>\n<td width=\"99\">Publicitat<\/td>\n<td width=\"103\">__Secure-1PSID<\/td>\n<td width=\"79\">Google<\/td>\n<td width=\"150\">Mesura el rendiment dels anuncis i proporciona recomanacions.<\/td>\n<td width=\"82\">2 anys<\/td>\n<td width=\"102\">SI<\/td>\n<\/tr>\n<tr>\n<td width=\"99\">Publicitat<\/td>\n<td width=\"103\">__Secure-3PSID<\/td>\n<td width=\"79\">Google<\/td>\n<td width=\"150\">Anuncis i proporciona recomanacions.<\/td>\n<td width=\"82\">2 anys<\/td>\n<td width=\"102\">SI<\/td>\n<\/tr>\n<tr>\n<td width=\"99\">Publicitat<\/td>\n<td width=\"103\">SSID<\/td>\n<td width=\"79\">Google<\/td>\n<td width=\"150\">Anuncis i proporciona recomanacions.<\/td>\n<td width=\"82\">2 anys<\/td>\n<td width=\"102\">SI<\/td>\n<\/tr>\n<tr>\n<td width=\"99\">Publicitat<\/td>\n<td width=\"103\">__Secure-3PAPISID<\/td>\n<td width=\"79\">Google<\/td>\n<td width=\"150\">Anuncis i proporciona recomanacions.<\/td>\n<td width=\"82\">2 anys<\/td>\n<td width=\"102\">SI<\/td>\n<\/tr>\n<tr>\n<td width=\"99\">Anal\u00edtica<\/td>\n<td width=\"103\">SID<\/td>\n<td width=\"79\">Google<\/td>\n<td width=\"150\">Recull informaci\u00f3 per al cercador de google.<\/td>\n<td width=\"82\">2 anys<\/td>\n<td width=\"102\">SI<\/td>\n<\/tr>\n<tr>\n<td width=\"99\">Funcionalitat<\/td>\n<td width=\"103\">_GRECAPTCHA<\/td>\n<td width=\"79\">Google<\/td>\n<td width=\"150\">Proveir de protecci\u00f3 antispam.<\/td>\n<td width=\"82\">4 mesos<\/td>\n<td width=\"102\">SI<\/td>\n<\/tr>\n<tr>\n<td width=\"99\">Publicitat<\/td>\n<td width=\"103\">__Secure-1PAPISID<\/td>\n<td width=\"79\">Google<\/td>\n<td width=\"150\">Anuncis i proporciona recomanacions.<\/td>\n<td width=\"82\">2 anys<\/td>\n<td width=\"102\">SI<\/td>\n<\/tr>\n<tr>\n<td width=\"99\">Funcionalitat<\/td>\n<td width=\"103\">Uncode_privacy<\/td>\n<td width=\"79\">Uncode<\/td>\n<td width=\"150\">Proveir de protecci\u00f3 antispam.<\/td>\n<td width=\"82\">4 mesos<\/td>\n<td width=\"102\">SI<\/td>\n<\/tr>\n<tr>\n<td width=\"99\">Anal\u00edtica<\/td>\n<td width=\"103\">1P_JAR<\/td>\n<td width=\"79\">Google<\/td>\n<td width=\"150\">Emmagatzematge de les prefer\u00e8ncies d&#8217;usuari de Google.<\/td>\n<td width=\"82\">15 dies<\/td>\n<td width=\"102\">SI<\/td>\n<\/tr>\n<tr>\n<td width=\"99\">Publicitat<\/td>\n<td width=\"103\">ADS_VISITOR_ID<\/td>\n<td width=\"79\">Linkedin<\/td>\n<td width=\"150\">La \u201cADS_VISITOR_ID\u201d galeta from LinkedIn collects informaci\u00f3 sobre visitors a webs en ordre a display rellevants ads.<\/td>\n<td width=\"82\">?<\/td>\n<td width=\"102\">SI<\/td>\n<\/tr>\n<tr>\n<td width=\"99\">Anal\u00edtica<\/td>\n<td width=\"103\">OTZ<\/td>\n<td width=\"79\">Google<\/td>\n<td width=\"150\">Prefer\u00e8ncies que emmagatzemen informaci\u00f3, identificadors i prefer\u00e8ncies relacionats amb Google.<\/td>\n<td width=\"82\">2 anys<\/td>\n<td width=\"102\">SI<\/td>\n<\/tr>\n<tr>\n<td width=\"99\">Funcionalitat<\/td>\n<td width=\"103\">wordpress_test_cookie<\/td>\n<td width=\"79\">WordPress<\/td>\n<td width=\"150\">Aquesta galeta s&#8217;usa perqu\u00e8 el gestor de continguts WordPress comprovi si el navegador t\u00e9 les galetes activades.<\/td>\n<td width=\"82\">2 anys<\/td>\n<td width=\"102\">NO<\/td>\n<\/tr>\n<tr>\n<td width=\"99\">Anal\u00edtica<\/td>\n<td width=\"103\">CONSENT<\/td>\n<td width=\"79\">Google<\/td>\n<td width=\"150\">Emmagatzematge de les prefer\u00e8ncies d&#8217;usuari de Google.<\/td>\n<td width=\"82\">2 anys<\/td>\n<td width=\"102\">SI<\/td>\n<\/tr>\n<tr>\n<td width=\"99\">Anal\u00edtica<\/td>\n<td width=\"103\">search_samesite<\/td>\n<td width=\"79\">Google<\/td>\n<td width=\"150\">Aquesta galeta \u00e9s usada per a correcci\u00f3 d&#8217;informaci\u00f3 sobre Google.<\/td>\n<td width=\"82\">5 mesos<\/td>\n<td width=\"102\">SI<\/td>\n<\/tr>\n<tr>\n<td width=\"99\">Funcionalitat<\/td>\n<td width=\"103\">Uncode_privacy<\/td>\n<td width=\"79\">Uncode<\/td>\n<td width=\"150\">Aquestes galetes contenen informaci\u00f3 en temps d&#8217;execuci\u00f3 sobre la vista i la resoluci\u00f3 de la pantalla.<\/td>\n<td width=\"82\">4 mesos<\/td>\n<td width=\"102\">SI<\/td>\n<\/tr>\n<tr>\n<td width=\"99\">Anal\u00edtica<\/td>\n<td width=\"103\">Cmplz_banner-Status<\/td>\n<td width=\"79\">Compilanz<\/td>\n<td width=\"150\">Controlar l&#8217;aprovaci\u00f3 del banner d&#8217;acceptaci\u00f3 de cookies.<\/td>\n<td width=\"82\">1 any<\/td>\n<td width=\"102\">SI<\/td>\n<\/tr>\n<tr>\n<td width=\"99\">Funcionalitat<\/td>\n<td width=\"103\">UncodeAI.Screen<\/td>\n<td width=\"79\">Uncode<\/td>\n<td width=\"150\">Per llegir la resoluci\u00f3 de la pantalla.<\/td>\n<td width=\"82\">4 mesos<\/td>\n<td width=\"102\">SI<\/td>\n<\/tr>\n<tr>\n<td width=\"99\">Anal\u00edtica<\/td>\n<td width=\"103\">SOCS<\/td>\n<td width=\"79\">Google<\/td>\n<td width=\"150\">Utilitzat per Google per guardar la selecci\u00f3 de cookies d&#8217;un usuari.<\/td>\n<td width=\"82\">2 anys<\/td>\n<td width=\"102\">SI<\/td>\n<\/tr>\n<tr>\n<td width=\"99\">Funcionalitat<\/td>\n<td width=\"103\">UncodeAI.Screen<\/td>\n<td width=\"79\">Uncode<\/td>\n<td width=\"150\">Per llegir la resoluci\u00f3 de la pantalla.<\/td>\n<td width=\"82\">4 mesos<\/td>\n<td width=\"102\">SI<\/td>\n<\/tr>\n<tr>\n<td width=\"99\">Funcionalitat<\/td>\n<td width=\"103\">Wp_lang<\/td>\n<td width=\"79\">WordPress<\/td>\n<td width=\"150\">per emmagatzemar la configuraci\u00f3 d&#8217;idioma.<\/td>\n<td width=\"82\">1 any<\/td>\n<td width=\"102\">SI<\/td>\n<\/tr>\n<\/tbody>\n<\/table>\n<p>(*) Pot informar-se de les transfer\u00e8ncies a tercers pa\u00efsos que, si s&#8217;escau, realitzen els tercers identificats en aquesta pol\u00edtica de cookies en les seves corresponents pol\u00edtiques (veure els enlla\u00e7os facilitats en l&#8217;apartat &#8220;M\u00e9s informaci\u00f3&#8221; de la taula anterior).<strong>\u00a0 \u00a0 \u00a0 \u00a0 \u00a0 \u00a0 \u00a0 \u00a0 \u00a0 \u00a0 \u00a0 \u00a0 \u00a0<\/strong><\/p>\n<p><strong>COM ADMINISTRAR COOKIES AL NAVEGADOR?<\/strong><\/p>\n<p>L&#8217;usuari t\u00e9 l&#8217;opci\u00f3 de permetre, bloquejar o eliminar les cookies instal\u00b7lades en el seu equip mitjan\u00e7ant la configuraci\u00f3 de les opcions del navegador instal\u00b7lat en el seu terminal:<\/p>\n<ul>\n<li><strong>Firefox<\/strong>: <a style=\"font-family: -apple-system, BlinkMacSystemFont, 'Segoe UI', Roboto, Oxygen-Sans, Ubuntu, Cantarell, 'Helvetica Neue', sans-serif;\" href=\"http:\/\/support.mozilla.org\/es\/kb\/habilitar-y-deshabilitar-cookies-que-los-sitios-we\">http:\/\/support.mozilla.org\/es\/kb\/habilitar-y-deshabilitar-cookies-que-los-sitios-we<\/a><\/li>\n<li><strong>Chrome<\/strong>:<a style=\"font-family: -apple-system, BlinkMacSystemFont, 'Segoe UI', Roboto, Oxygen-Sans, Ubuntu, Cantarell, 'Helvetica Neue', sans-serif;\" href=\"http:\/\/support.google.com\/chrome\/bin\/answer.py?hl=es&amp;answer=95647\">http:\/\/support.google.com\/chrome\/bin\/answer.py?hl=es&amp;answer=95647<\/a><\/li>\n<li><strong>Internet Explorer<\/strong>: <a style=\"font-family: -apple-system, BlinkMacSystemFont, 'Segoe UI', Roboto, Oxygen-Sans, Ubuntu, Cantarell, 'Helvetica Neue', sans-serif;\" href=\"https:\/\/support.microsoft.com\/es-es\/help\/278835\/how-to-delete-cookie-files-in-internet-explorer\">https:\/\/support.microsoft.com\/es-es\/help\/278835\/how-to-delete-cookie-files-in-internet-explorer<\/a><\/li>\n<li><strong>Microsoft Edge: <\/strong><a style=\"font-family: -apple-system, BlinkMacSystemFont, 'Segoe UI', Roboto, Oxygen-Sans, Ubuntu, Cantarell, 'Helvetica Neue', sans-serif;\" href=\"https:\/\/support.microsoft.com\/es-es\/help\/4468242\/microsoft-edge-browsing-data-and-privacy-microsoft-privacy\">https:\/\/support.microsoft.com\/es-es\/help\/4468242\/microsoft-edge-browsing-data-and-privacy-microsoft-privacy<\/a><\/li>\n<li><strong>Safari<\/strong>: <a style=\"font-family: -apple-system, BlinkMacSystemFont, 'Segoe UI', Roboto, Oxygen-Sans, Ubuntu, Cantarell, 'Helvetica Neue', sans-serif;\" href=\"http:\/\/support.apple.com\/kb\/ph5042\">http:\/\/support.apple.com\/kb\/ph5042<\/a><\/li>\n<li><strong>Opera<\/strong>: <a style=\"font-family: -apple-system, BlinkMacSystemFont, 'Segoe UI', Roboto, Oxygen-Sans, Ubuntu, Cantarell, 'Helvetica Neue', sans-serif;\" href=\"http:\/\/help.opera.com\/Windows\/11.50\/es-ES\/cookies.html\">http:\/\/help.opera.com\/Windows\/11.50\/es-ES\/cookies.html<\/a><\/li>\n<\/ul>\n<p>En alguns navegadors es poden configurar regles espec\u00edfiques per administrar cookies per lloc web, cosa que ofereix un control m\u00e9s prec\u00eds sobre la privacitat. Aix\u00f2 significa que es pot inhabilitar cookies de tots els llocs tret d&#8217;aquells en qu\u00e8 es confi\u00ef.<\/p>\n<p>[\/vc_column_text][\/vc_column][vc_column width=&#8221;1\/6&#8243;][\/vc_column][\/vc_row]<\/p>\n<\/div>","protected":false},"excerpt":{"rendered":"<p>[vc_row][vc_column width=&#8221;5\/6&#8243;][vc_custom_heading auto_text=&#8221;yes&#8221; uncode_shortcode_id=&#8221;910191&#8243;]This is a custom heading element.[\/vc_custom_heading][vc_column_text uncode_shortcode_id=&#8221;112850&#8243;]Aquest lloc web utilitza cookies pr\u00f2pies i de tercers per oferir-li [&hellip;]<\/p>\n","protected":false},"author":1,"featured_media":0,"parent":0,"menu_order":0,"comment_status":"closed","ping_status":"closed","template":"","meta":{"footnotes":""},"class_list":["post-83369","page","type-page","status-publish","hentry"],"yoast_head":"<!-- This site is optimized with the Yoast SEO plugin v26.8 - https:\/\/yoast.com\/product\/yoast-seo-wordpress\/ -->\r\n<title>Cookies - Proquip SA<\/title>\r\n<meta name=\"robots\" content=\"index, follow, max-snippet:-1, max-image-preview:large, max-video-preview:-1\" \/>\r\n<link rel=\"canonical\" href=\"https:\/\/proquipsa.com\/ca\/cookies\/\" \/>\r\n<meta property=\"og:locale\" content=\"ca_ES\" \/>\r\n<meta property=\"og:type\" content=\"article\" \/>\r\n<meta property=\"og:title\" content=\"Cookies - Proquip SA\" \/>\r\n<meta property=\"og:description\" content=\"[vc_row][vc_column width=&#8221;5\/6&#8243;][vc_custom_heading auto_text=&#8221;yes&#8221; uncode_shortcode_id=&#8221;910191&#8243;]This is a custom heading element.[\/vc_custom_heading][vc_column_text uncode_shortcode_id=&#8221;112850&#8243;]Aquest lloc web utilitza cookies pr\u00f2pies i de tercers per oferir-li [&hellip;]\" \/>\r\n<meta property=\"og:url\" content=\"https:\/\/proquipsa.com\/ca\/cookies\/\" \/>\r\n<meta property=\"og:site_name\" content=\"Proquip SA\" \/>\r\n<meta property=\"article:modified_time\" content=\"2024-02-05T10:17:07+00:00\" \/>\r\n<meta name=\"twitter:card\" content=\"summary_large_image\" \/>\r\n<meta name=\"twitter:label1\" content=\"Temps estimat de lectura\" \/>\n\t<meta name=\"twitter:data1\" content=\"6 minuts\" \/>\r\n<script type=\"application\/ld+json\" class=\"yoast-schema-graph\">{\"@context\":\"https:\/\/schema.org\",\"@graph\":[{\"@type\":\"WebPage\",\"@id\":\"https:\/\/proquipsa.com\/ca\/cookies\/\",\"url\":\"https:\/\/proquipsa.com\/ca\/cookies\/\",\"name\":\"Cookies - Proquip SA\",\"isPartOf\":{\"@id\":\"https:\/\/proquipsa.com\/#website\"},\"datePublished\":\"2020-05-28T09:45:28+00:00\",\"dateModified\":\"2024-02-05T10:17:07+00:00\",\"breadcrumb\":{\"@id\":\"https:\/\/proquipsa.com\/ca\/cookies\/#breadcrumb\"},\"inLanguage\":\"ca\",\"potentialAction\":[{\"@type\":\"ReadAction\",\"target\":[\"https:\/\/proquipsa.com\/ca\/cookies\/\"]}]},{\"@type\":\"BreadcrumbList\",\"@id\":\"https:\/\/proquipsa.com\/ca\/cookies\/#breadcrumb\",\"itemListElement\":[{\"@type\":\"ListItem\",\"position\":1,\"name\":\"Portada\",\"item\":\"https:\/\/proquipsa.com\/ca\/\"},{\"@type\":\"ListItem\",\"position\":2,\"name\":\"Cookies\"}]},{\"@type\":\"WebSite\",\"@id\":\"https:\/\/proquipsa.com\/#website\",\"url\":\"https:\/\/proquipsa.com\/\",\"name\":\"Proquip SA\",\"description\":\"Chemical products for all industries\",\"potentialAction\":[{\"@type\":\"SearchAction\",\"target\":{\"@type\":\"EntryPoint\",\"urlTemplate\":\"https:\/\/proquipsa.com\/?s={search_term_string}\"},\"query-input\":{\"@type\":\"PropertyValueSpecification\",\"valueRequired\":true,\"valueName\":\"search_term_string\"}}],\"inLanguage\":\"ca\"}]}<\/script>\r\n<!-- \/ Yoast SEO plugin. -->","yoast_head_json":{"title":"Cookies - Proquip SA","robots":{"index":"index","follow":"follow","max-snippet":"max-snippet:-1","max-image-preview":"max-image-preview:large","max-video-preview":"max-video-preview:-1"},"canonical":"https:\/\/proquipsa.com\/ca\/cookies\/","og_locale":"ca_ES","og_type":"article","og_title":"Cookies - Proquip SA","og_description":"[vc_row][vc_column width=&#8221;5\/6&#8243;][vc_custom_heading auto_text=&#8221;yes&#8221; uncode_shortcode_id=&#8221;910191&#8243;]This is a custom heading element.[\/vc_custom_heading][vc_column_text uncode_shortcode_id=&#8221;112850&#8243;]Aquest lloc web utilitza cookies pr\u00f2pies i de tercers per oferir-li [&hellip;]","og_url":"https:\/\/proquipsa.com\/ca\/cookies\/","og_site_name":"Proquip SA","article_modified_time":"2024-02-05T10:17:07+00:00","twitter_card":"summary_large_image","twitter_misc":{"Temps estimat de lectura":"6 minuts"},"schema":{"@context":"https:\/\/schema.org","@graph":[{"@type":"WebPage","@id":"https:\/\/proquipsa.com\/ca\/cookies\/","url":"https:\/\/proquipsa.com\/ca\/cookies\/","name":"Cookies - Proquip SA","isPartOf":{"@id":"https:\/\/proquipsa.com\/#website"},"datePublished":"2020-05-28T09:45:28+00:00","dateModified":"2024-02-05T10:17:07+00:00","breadcrumb":{"@id":"https:\/\/proquipsa.com\/ca\/cookies\/#breadcrumb"},"inLanguage":"ca","potentialAction":[{"@type":"ReadAction","target":["https:\/\/proquipsa.com\/ca\/cookies\/"]}]},{"@type":"BreadcrumbList","@id":"https:\/\/proquipsa.com\/ca\/cookies\/#breadcrumb","itemListElement":[{"@type":"ListItem","position":1,"name":"Portada","item":"https:\/\/proquipsa.com\/ca\/"},{"@type":"ListItem","position":2,"name":"Cookies"}]},{"@type":"WebSite","@id":"https:\/\/proquipsa.com\/#website","url":"https:\/\/proquipsa.com\/","name":"Proquip SA","description":"Chemical products for all industries","potentialAction":[{"@type":"SearchAction","target":{"@type":"EntryPoint","urlTemplate":"https:\/\/proquipsa.com\/?s={search_term_string}"},"query-input":{"@type":"PropertyValueSpecification","valueRequired":true,"valueName":"search_term_string"}}],"inLanguage":"ca"}]}},"_links":{"self":[{"href":"https:\/\/proquipsa.com\/ca\/wp-json\/wp\/v2\/pages\/83369","targetHints":{"allow":["GET"]}}],"collection":[{"href":"https:\/\/proquipsa.com\/ca\/wp-json\/wp\/v2\/pages"}],"about":[{"href":"https:\/\/proquipsa.com\/ca\/wp-json\/wp\/v2\/types\/page"}],"author":[{"embeddable":true,"href":"https:\/\/proquipsa.com\/ca\/wp-json\/wp\/v2\/users\/1"}],"replies":[{"embeddable":true,"href":"https:\/\/proquipsa.com\/ca\/wp-json\/wp\/v2\/comments?post=83369"}],"version-history":[{"count":3,"href":"https:\/\/proquipsa.com\/ca\/wp-json\/wp\/v2\/pages\/83369\/revisions"}],"predecessor-version":[{"id":84733,"href":"https:\/\/proquipsa.com\/ca\/wp-json\/wp\/v2\/pages\/83369\/revisions\/84733"}],"wp:attachment":[{"href":"https:\/\/proquipsa.com\/ca\/wp-json\/wp\/v2\/media?parent=83369"}],"curies":[{"name":"wp","href":"https:\/\/api.w.org\/{rel}","templated":true}]}}