{"id":83491,"date":"2020-05-28T09:45:28","date_gmt":"2020-05-28T09:45:28","guid":{"rendered":"http:\/\/proquipsa.com\/fr\/cookies\/"},"modified":"2024-02-19T16:46:44","modified_gmt":"2024-02-19T16:46:44","slug":"cookies","status":"publish","type":"page","link":"https:\/\/proquipsa.com\/fr\/cookies\/","title":{"rendered":"Cookies"},"content":{"rendered":"<div class=\"wpb-content-wrapper\">[vc_row][vc_column column_width_percent=\u00a0\u00bb100&Prime; gutter_size=\u00a0\u00bb3&Prime; style=\u00a0\u00bblight\u00a0\u00bb overlay_alpha=\u00a0\u00bb50&Prime; shift_x=\u00a0\u00bb0&Prime; shift_y=\u00a0\u00bb0&Prime; shift_y_down=\u00a0\u00bb0&Prime; z_index=\u00a0\u00bb0&Prime; medium_width=\u00a0\u00bb0&Prime; mobile_width=\u00a0\u00bb0&Prime; width=\u00a0\u00bb5\/6&Prime;][vc_custom_heading auto_text=\u00a0\u00bbyes\u00a0\u00bb uncode_shortcode_id=\u00a0\u00bb623380&Prime;]\r\n<p>This is a custom heading element.<\/p>\r\n<p>[\/vc_custom_heading][vc_column_text uncode_shortcode_id=\u00a0\u00bb175686&Prime;]<\/p>\r\n<p>Este sitio web utiliza cookies propias y de terceros para ofrecerle una mejor experiencia y servicio. Al navegar o utilizar nuestros servicios, el usuario acepta el uso que hacemos de las cookies. Sin embargo, el usuario tiene la opci\u00f3n de impedir la generaci\u00f3n de cookies y la eliminaci\u00f3n de las mismas.<\/p>\r\n<p><strong>\u00bfQU\u00c9 ES UNA COOKIE?<\/strong><\/p>\r\n<p>Una cookie es un peque\u00f1o fragmento de texto que los sitios Web env\u00edan al navegador y que se almacenan en el terminal del usuario, que puede ser un ordenador personal, un tel\u00e9fono m\u00f3vil, tablet, etc. Estos archivos permiten que el sitio Web recuerde informaci\u00f3n sobre su visita, como el idioma y las opciones preferidas, lo que puede facilitar su pr\u00f3xima visita y hacer que el sitio resulte m\u00e1s \u00fatil al personalizar su contenido. Las cookies desempe\u00f1an un papel muy importante, al mejorar la experiencia de uso de la Web.<\/p>\r\n<p><strong>TIPO DE COOKIES <\/strong><\/p>\r\n<p>Seg\u00fan la entidad que las gestione, las cookies pueden ser:<\/p>\r\n<ul>\r\n<li><strong>Cookies propias<\/strong>: Son aquellas que se env\u00edan al equipo terminal del interesado desde un equipo o dominio gestionado por el propio editor y desde el que se presta el servicio solicitado por el usuario.<\/li>\r\n<li><strong>Cookies de terceros<\/strong>: Son aquellas que se env\u00edan al equipo terminal del usuario desde un equipo o dominio que no es gestionado por el editor, sino por otra entidad que trata los datos obtenidos a trav\u00e9s de las cookies.<\/li>\r\n<\/ul>\r\n<p>Seg\u00fan el plazo de tiempo que permanecen activadas:<\/p>\r\n<ul>\r\n<li><strong>Cookies de sesi\u00f3n<\/strong>: Son un tipo de cookies dise\u00f1adas para recabar y almacenar datos mientras el usuario accede a una p\u00e1gina web. Se suelen utilizar para almacenar informaci\u00f3n que s\u00f3lo interesa conservar para la prestaci\u00f3n del servicio solicitado por el usuario en una sola ocasi\u00f3n.<\/li>\r\n<li><strong>Cookies persistentes<\/strong>: Son un tipo de cookies en las que los datos siguen almacenados en el terminal y pueden ser accedidos y tratados durante un per\u00edodo definido por el responsable de la cookie, y que puede ir de unos minutos a varios a\u00f1os.<\/li>\r\n<\/ul>\r\n<p>Seg\u00fan la finalidad para la que se traten los datos obtenidos a trav\u00e9s de las cookies, la web puede utilizar:<\/p>\r\n<p><strong><em>Cookies t\u00e9cnicas &#8211;<\/em><\/strong> Son aquellas que permiten al usuario la navegaci\u00f3n a trav\u00e9s de la p\u00e1gina web o aplicaci\u00f3n y la utilizaci\u00f3n de las diferentes opciones o servicios existentes. Por ejemplo, controlar el tr\u00e1fico y la comunicaci\u00f3n de datos, identificar la sesi\u00f3n, acceder a las partes web de acceso restringido, recordar los elementos que integran un pedido, realizar la solicitud de inscripci\u00f3n o participaci\u00f3n en un evento, utilizar elementos de seguridad durante la navegaci\u00f3n y almacenar contenidos para la difusi\u00f3n de v\u00eddeos o sonido.<\/p>\r\n<p><strong><em>Cookies de personalizaci\u00f3n &#8211;<\/em><\/strong> Son aquellas que permiten al usuario acceder al servicio con algunas caracter\u00edsticas de car\u00e1cter general predefinidas en su terminal o que el propio usuario defina. Por ejemplo, el idioma, el tipo de navegador a trav\u00e9s del cual accede al servicio, el dise\u00f1o de contenidos seleccionado, la geolocalizaci\u00f3n del terminal y la configuraci\u00f3n regional desde donde se accede al servicio.<\/p>\r\n<p><strong><em>Cookies publicitarias &#8211;<\/em><\/strong> Son aquellas que permiten la gesti\u00f3n eficaz de los espacios publicitarios que se han incluido en la p\u00e1gina web o aplicaci\u00f3n desde la que se presta el servicio. Permiten adecuar el contenido de la publicidad para que \u00e9sta sea relevante para el usuario y para evitar mostrar anuncios que el usuario ya haya visto.<\/p>\r\n<p><strong><em>Cookies de an\u00e1lisis estad\u00edstico &#8211;<\/em><\/strong> Son aquellas que permiten realizar el seguimiento y an\u00e1lisis del comportamiento de los usuarios en los sitios web. La informaci\u00f3n recogida mediante este tipo de cookies se utiliza en la medici\u00f3n de la actividad de los sitios web, aplicaci\u00f3n o plataforma y para la elaboraci\u00f3n de perfiles de navegaci\u00f3n de los usuarios de estos sitios, a fin de introducir mejoras en el servicio en funci\u00f3n de los datos de uso que hacen los usuarios.<\/p>\r\n<table width=\"614\">\r\n<tbody>\r\n<tr>\r\n<td width=\"99\"><strong>Finalidad<\/strong><\/td>\r\n<td width=\"103\"><strong>Nombre de la Cookie<\/strong><\/td>\r\n<td width=\"79\"><strong>Propiedad<\/strong><\/td>\r\n<td width=\"150\"><strong>Descripci\u00f3n<\/strong><\/td>\r\n<td width=\"82\"><strong>Tiempo de conservaci\u00f3n<\/strong><\/td>\r\n<td width=\"102\"><strong>REQUIERE\u00a0 CONSENTIMIENTO<\/strong><\/td>\r\n<\/tr>\r\n<tr>\r\n<td width=\"99\">Publicidad<\/td>\r\n<td width=\"103\">__Secure-3PSIDCC<\/td>\r\n<td width=\"79\">Google<\/td>\r\n<td width=\"150\">Entrega de anuncios m\u00e1s relevantes para usted y sus intereses<\/td>\r\n<td width=\"82\">1 a\u00f1o<\/td>\r\n<td width=\"102\">SI<\/td>\r\n<\/tr>\r\n<tr>\r\n<td width=\"99\">Publicidad<\/td>\r\n<td width=\"103\">__Secure-1PSIDCC<\/td>\r\n<td width=\"79\">Google<\/td>\r\n<td width=\"150\">Mide el rendimiento de sus anuncios y proporciona recomendaciones.<\/td>\r\n<td width=\"82\">2 a\u00f1os<\/td>\r\n<td width=\"102\">SI<\/td>\r\n<\/tr>\r\n<tr>\r\n<td width=\"99\">Personalizaci\u00f3n<\/td>\r\n<td width=\"103\">SIDCC<\/td>\r\n<td width=\"79\">Google Maps<\/td>\r\n<td width=\"150\">Para proporcionar la identificaci\u00f3n del tr\u00e1fico web de confianza.<\/td>\r\n<td width=\"82\">1 a\u00f1o<\/td>\r\n<td width=\"102\">SI<\/td>\r\n<\/tr>\r\n<tr>\r\n<td width=\"99\">Personalizaci\u00f3n<\/td>\r\n<td width=\"103\">SAPISID<\/td>\r\n<td width=\"79\">Google Ads<\/td>\r\n<td width=\"150\">Mostrar anuncios personalizados en sitios de Google, basados en b\u00fasquedas recientes e interacciones anteriores.<\/td>\r\n<td width=\"82\">2 a\u00f1os<\/td>\r\n<td width=\"102\">SI<\/td>\r\n<\/tr>\r\n<tr>\r\n<td width=\"99\">Personalitzaci\u00f3<\/td>\r\n<td width=\"103\">APISID<\/td>\r\n<td width=\"79\">Google Ads<\/td>\r\n<td width=\"150\">Mostrar anuncios personalizados en sitios de Google, basados en b\u00fasquedas recientes e interacciones anteriores.<\/td>\r\n<td width=\"82\">2 a\u00f1os<\/td>\r\n<td width=\"102\">SI<\/td>\r\n<\/tr>\r\n<tr>\r\n<td width=\"99\">Anal\u00edtica<\/td>\r\n<td width=\"103\">HSID<\/td>\r\n<td width=\"79\">Google Ads<\/td>\r\n<td width=\"150\">Prevenci\u00f3n del fraude.<\/td>\r\n<td width=\"82\">2 a\u00f1os<\/td>\r\n<td width=\"102\">SI<\/td>\r\n<\/tr>\r\n<tr>\r\n<td width=\"99\">Publicidad<\/td>\r\n<td width=\"103\">__Secure-1PSID<\/td>\r\n<td width=\"79\">Google<\/td>\r\n<td width=\"150\">Mide el rendimiento de sus anuncios y proporciona recomendaciones.<\/td>\r\n<td width=\"82\">2 a\u00f1os<\/td>\r\n<td width=\"102\">SI<\/td>\r\n<\/tr>\r\n<tr>\r\n<td width=\"99\">Publicidad<\/td>\r\n<td width=\"103\">__Secure-3PSID<\/td>\r\n<td width=\"79\">Google<\/td>\r\n<td width=\"150\">Anuncios y proporciona recomendaciones.<\/td>\r\n<td width=\"82\">2 a\u00f1os<\/td>\r\n<td width=\"102\">SI<\/td>\r\n<\/tr>\r\n<tr>\r\n<td width=\"99\">Publicidad<\/td>\r\n<td width=\"103\">SSID<\/td>\r\n<td width=\"79\">Google<\/td>\r\n<td width=\"150\">Anuncios y proporciona recomendaciones.<\/td>\r\n<td width=\"82\">2 a\u00f1os<\/td>\r\n<td width=\"102\">SI<\/td>\r\n<\/tr>\r\n<tr>\r\n<td width=\"99\">Publicidad<\/td>\r\n<td width=\"103\">__Secure-3PAPISID<\/td>\r\n<td width=\"79\">Google<\/td>\r\n<td width=\"150\">Anuncios y proporciona recomendaciones.<\/td>\r\n<td width=\"82\">2 a\u00f1os<\/td>\r\n<td width=\"102\">SI<\/td>\r\n<\/tr>\r\n<tr>\r\n<td width=\"99\">Anal\u00edtica<\/td>\r\n<td width=\"103\">SID<\/td>\r\n<td width=\"79\">Google<\/td>\r\n<td width=\"150\">Recoge informaci\u00f3n para el buscador de google.<\/td>\r\n<td width=\"82\">2 a\u00f1os<\/td>\r\n<td width=\"102\">SI<\/td>\r\n<\/tr>\r\n<tr>\r\n<td width=\"99\">Funcionalidad<\/td>\r\n<td width=\"103\">_GRECAPTCHA<\/td>\r\n<td width=\"79\">Google<\/td>\r\n<td width=\"150\">Proveer de protecci\u00f3n antispam.<\/td>\r\n<td width=\"82\">4 meses<\/td>\r\n<td width=\"102\">SI<\/td>\r\n<\/tr>\r\n<tr>\r\n<td width=\"99\">Publicidad<\/td>\r\n<td width=\"103\">__Secure-1PAPISID<\/td>\r\n<td width=\"79\">Google<\/td>\r\n<td width=\"150\">Anuncios y proporciona recomendaciones.<\/td>\r\n<td width=\"82\">2 a\u00f1os<\/td>\r\n<td width=\"102\">SI<\/td>\r\n<\/tr>\r\n<tr>\r\n<td width=\"99\">Funcionalidad<\/td>\r\n<td width=\"103\">Uncode_privacy<\/td>\r\n<td width=\"79\">Uncode<\/td>\r\n<td width=\"150\">Proveer de protecci\u00f3n antispam.<\/td>\r\n<td width=\"82\">4 meses<\/td>\r\n<td width=\"102\">SI<\/td>\r\n<\/tr>\r\n<tr>\r\n<td width=\"99\">Anal\u00edtica<\/td>\r\n<td width=\"103\">1P_JAR<\/td>\r\n<td width=\"79\">Google<\/td>\r\n<td width=\"150\">Almacenamiento de las preferencias de usuario de Google.<\/td>\r\n<td width=\"82\">15 d\u00edas<\/td>\r\n<td width=\"102\">SI<\/td>\r\n<\/tr>\r\n<tr>\r\n<td width=\"99\">Publicidad<\/td>\r\n<td width=\"103\">ADS_VISITOR_ID<\/td>\r\n<td width=\"79\">Linkedin<\/td>\r\n<td width=\"150\">La \u201cADS_VISITOR_ID\u201d cookie from LinkedIn recolectados informaci\u00f3n sobre visitores a webs en orden a display relevantes ads.<\/td>\r\n<td width=\"82\">?<\/td>\r\n<td width=\"102\">SI<\/td>\r\n<\/tr>\r\n<tr>\r\n<td width=\"99\">Anal\u00edtica<\/td>\r\n<td width=\"103\">OTZ<\/td>\r\n<td width=\"79\">Google<\/td>\r\n<td width=\"150\">Preferencias que almacenan informaci\u00f3n, identificadores y preferencias relacionadas con Google.<\/td>\r\n<td width=\"82\">2 a\u00f1os<\/td>\r\n<td width=\"102\">SI<\/td>\r\n<\/tr>\r\n<tr>\r\n<td width=\"99\">Funcionalidad<\/td>\r\n<td width=\"103\">wordpress_test_cookie<\/td>\r\n<td width=\"79\">WordPress<\/td>\r\n<td width=\"150\">Esta cookie se utiliza para que el gestor de contenidos WordPress compruebe si el navegador tiene las cookies activadas.<\/td>\r\n<td width=\"82\">2 a\u00f1os<\/td>\r\n<td width=\"102\">NO<\/td>\r\n<\/tr>\r\n<tr>\r\n<td width=\"99\">Anal\u00edtica<\/td>\r\n<td width=\"103\">CONSENT<\/td>\r\n<td width=\"79\">Google<\/td>\r\n<td width=\"150\">Almacenamiento de las preferencias de usuario de Google.<\/td>\r\n<td width=\"82\">2 a\u00f1os<\/td>\r\n<td width=\"102\">SI<\/td>\r\n<\/tr>\r\n<tr>\r\n<td width=\"99\">Anal\u00edtica<\/td>\r\n<td width=\"103\">search_samesite<\/td>\r\n<td width=\"79\">Google<\/td>\r\n<td width=\"150\">Esta cookie es usada para correcci\u00f3n de informaci\u00f3n sobre Google.<\/td>\r\n<td width=\"82\">5 meses<\/td>\r\n<td width=\"102\">SI<\/td>\r\n<\/tr>\r\n<tr>\r\n<td width=\"99\">Funcionalidad<\/td>\r\n<td width=\"103\">Uncode_privacy<\/td>\r\n<td width=\"79\">Uncode<\/td>\r\n<td width=\"150\">Estas cookies contienen informaci\u00f3n en tiempo de ejecuci\u00f3n sobre la vista y la resoluci\u00f3n de la pantalla.<\/td>\r\n<td width=\"82\">4 meses<\/td>\r\n<td width=\"102\">SI<\/td>\r\n<\/tr>\r\n<tr>\r\n<td width=\"99\">Anal\u00edtica<\/td>\r\n<td width=\"103\">Cmplz_banner-Status<\/td>\r\n<td width=\"79\">Compilanz<\/td>\r\n<td width=\"150\">Controlar la aprobaci\u00f3n del banner de aceptaci\u00f3n de cookies.<\/td>\r\n<td width=\"82\">1 a\u00f1o<\/td>\r\n<td width=\"102\">SI<\/td>\r\n<\/tr>\r\n<tr>\r\n<td width=\"99\">Funcionalidad<\/td>\r\n<td width=\"103\">UncodeAI.Screen<\/td>\r\n<td width=\"79\">Uncode<\/td>\r\n<td width=\"150\">Para leer la resoluci\u00f3n de la pantalla.<\/td>\r\n<td width=\"82\">4 meses<\/td>\r\n<td width=\"102\">SI<\/td>\r\n<\/tr>\r\n<tr>\r\n<td width=\"99\">Anal\u00edtica<\/td>\r\n<td width=\"103\">SOCS<\/td>\r\n<td width=\"79\">Google<\/td>\r\n<td width=\"150\">Utilizado por Google para guardar la selecci\u00f3n de cookies de un usuario.<\/td>\r\n<td width=\"82\">2 a\u00f1os<\/td>\r\n<td width=\"102\">SI<\/td>\r\n<\/tr>\r\n<tr>\r\n<td width=\"99\">Funcionalidad<\/td>\r\n<td width=\"103\">UncodeAI.Screen<\/td>\r\n<td width=\"79\">Uncode<\/td>\r\n<td width=\"150\">Para leer la resoluci\u00f3n de la pantalla.<\/td>\r\n<td width=\"82\">4 meses<\/td>\r\n<td width=\"102\">SI<\/td>\r\n<\/tr>\r\n<tr>\r\n<td width=\"99\">Funcionalidad<\/td>\r\n<td width=\"103\">Wp_lang<\/td>\r\n<td width=\"79\">WordPress<\/td>\r\n<td width=\"150\">Para almacenar la configuraci\u00f3n de idioma.<\/td>\r\n<td width=\"82\">1 a\u00f1o<\/td>\r\n<td width=\"102\">SI<\/td>\r\n<\/tr>\r\n<\/tbody>\r\n<\/table>\r\n<p>(*) Puede informarse de las transferencias a terceros pa\u00edses que, en su caso, realizan los terceros identificados en esta pol\u00edtica de cookies en sus correspondientes pol\u00edticas (ver los enlaces facilitados en el apartado \u00ab\u00a0M\u00e1s informaci\u00f3n\u00a0\u00bb de la tabla anterior).<strong>\u00a0<\/strong><\/p>\r\n<p><strong>\u00bfC\u00d3MO ADMINISTRAR COOKIES AL NAVEGADOR?<\/strong><\/p>\r\n<p>El usuario tiene la opci\u00f3n de permitir, bloquear o eliminar las cookies instaladas en su equipo mediante la configuraci\u00f3n de las opciones del navegador instalado en su terminal:<\/p>\r\n<ul>\r\n<li><strong>Firefox<\/strong>: <a style=\"font-family: -apple-system, BlinkMacSystemFont, 'Segoe UI', Roboto, Oxygen-Sans, Ubuntu, Cantarell, 'Helvetica Neue', sans-serif;\" href=\"http:\/\/support.mozilla.org\/es\/kb\/habilitar-y-deshabilitar-cookies-que-los-sitios-we\">http:\/\/support.mozilla.org\/es\/kb\/habilitar-y-deshabilitar-cookies-que-los-sitios-we<\/a><\/li>\r\n<li><strong>Chrome<\/strong>:<a style=\"font-family: -apple-system, BlinkMacSystemFont, 'Segoe UI', Roboto, Oxygen-Sans, Ubuntu, Cantarell, 'Helvetica Neue', sans-serif;\" href=\"http:\/\/support.google.com\/chrome\/bin\/answer.py?hl=es&amp;answer=95647\">http:\/\/support.google.com\/chrome\/bin\/answer.py?hl=es&amp;answer=95647<\/a><\/li>\r\n<li><strong>Internet Explorer<\/strong>: <a style=\"font-family: -apple-system, BlinkMacSystemFont, 'Segoe UI', Roboto, Oxygen-Sans, Ubuntu, Cantarell, 'Helvetica Neue', sans-serif;\" href=\"https:\/\/support.microsoft.com\/es-es\/help\/278835\/how-to-delete-cookie-files-in-internet-explorer\">https:\/\/support.microsoft.com\/es-es\/help\/278835\/how-to-delete-cookie-files-in-internet-explorer<\/a><\/li>\r\n<li><strong>Microsoft Edge: <\/strong><a style=\"font-family: -apple-system, BlinkMacSystemFont, 'Segoe UI', Roboto, Oxygen-Sans, Ubuntu, Cantarell, 'Helvetica Neue', sans-serif;\" href=\"https:\/\/support.microsoft.com\/es-es\/help\/4468242\/microsoft-edge-browsing-data-and-privacy-microsoft-privacy\">https:\/\/support.microsoft.com\/es-es\/help\/4468242\/microsoft-edge-browsing-data-and-privacy-microsoft-privacy<\/a><\/li>\r\n<li><strong>Safari<\/strong>: <a style=\"font-family: -apple-system, BlinkMacSystemFont, 'Segoe UI', Roboto, Oxygen-Sans, Ubuntu, Cantarell, 'Helvetica Neue', sans-serif;\" href=\"http:\/\/support.apple.com\/kb\/ph5042\">http:\/\/support.apple.com\/kb\/ph5042<\/a><\/li>\r\n<li><strong>Opera<\/strong>: <a style=\"font-family: -apple-system, BlinkMacSystemFont, 'Segoe UI', Roboto, Oxygen-Sans, Ubuntu, Cantarell, 'Helvetica Neue', sans-serif;\" href=\"http:\/\/help.opera.com\/Windows\/11.50\/es-ES\/cookies.html\">http:\/\/help.opera.com\/Windows\/11.50\/es-ES\/cookies.html<\/a><\/li>\r\n<\/ul>\r\n<p>En algunos navegadores se pueden configurar reglas espec\u00edficas para administrar cookies por sitio web, lo que ofrece un control m\u00e1s preciso sobre la privacidad. Esto significa que se pueden inhabilitar cookies de todos los sitios salvo aquellos en los que se conf\u00ede.<\/p>\r\n<p>[\/vc_column_text][vc_empty_space empty_h=\u00a0\u00bb2&Prime;][\/vc_column][vc_column width=\u00a0\u00bb1\/6&Prime;][\/vc_column][\/vc_row]<\/p><\/div>","protected":false},"excerpt":{"rendered":"<p>[vc_row][vc_column column_width_percent=\u00a0\u00bb100&Prime; gutter_size=\u00a0\u00bb3&Prime; style=\u00a0\u00bblight\u00a0\u00bb overlay_alpha=\u00a0\u00bb50&Prime; shift_x=\u00a0\u00bb0&Prime; shift_y=\u00a0\u00bb0&Prime; shift_y_down=\u00a0\u00bb0&Prime; z_index=\u00a0\u00bb0&Prime; medium_width=\u00a0\u00bb0&Prime; mobile_width=\u00a0\u00bb0&Prime; width=\u00a0\u00bb5\/6&Prime;][vc_custom_heading auto_text=\u00a0\u00bbyes\u00a0\u00bb uncode_shortcode_id=\u00a0\u00bb623380&Prime;] This is a custom heading element. [&hellip;]<\/p>\n","protected":false},"author":1,"featured_media":0,"parent":0,"menu_order":0,"comment_status":"closed","ping_status":"closed","template":"","meta":{"footnotes":""},"class_list":["post-83491","page","type-page","status-publish","hentry"],"yoast_head":"<!-- This site is optimized with the Yoast SEO plugin v26.8 - https:\/\/yoast.com\/product\/yoast-seo-wordpress\/ -->\r\n<title>Cookies - Proquip SA<\/title>\r\n<meta name=\"robots\" content=\"index, follow, max-snippet:-1, max-image-preview:large, max-video-preview:-1\" \/>\r\n<link rel=\"canonical\" href=\"https:\/\/proquipsa.com\/fr\/cookies\/\" \/>\r\n<meta property=\"og:locale\" content=\"fr_FR\" \/>\r\n<meta property=\"og:type\" content=\"article\" \/>\r\n<meta property=\"og:title\" content=\"Cookies - Proquip SA\" \/>\r\n<meta property=\"og:description\" content=\"[vc_row][vc_column column_width_percent=\u00a0\u00bb100&Prime; gutter_size=\u00a0\u00bb3&Prime; style=\u00a0\u00bblight\u00a0\u00bb overlay_alpha=\u00a0\u00bb50&Prime; shift_x=\u00a0\u00bb0&Prime; shift_y=\u00a0\u00bb0&Prime; shift_y_down=\u00a0\u00bb0&Prime; z_index=\u00a0\u00bb0&Prime; medium_width=\u00a0\u00bb0&Prime; mobile_width=\u00a0\u00bb0&Prime; width=\u00a0\u00bb5\/6&Prime;][vc_custom_heading auto_text=\u00a0\u00bbyes\u00a0\u00bb uncode_shortcode_id=\u00a0\u00bb623380&Prime;] This is a custom heading element. [&hellip;]\" \/>\r\n<meta property=\"og:url\" content=\"https:\/\/proquipsa.com\/fr\/cookies\/\" \/>\r\n<meta property=\"og:site_name\" content=\"Proquip SA\" \/>\r\n<meta property=\"article:modified_time\" content=\"2024-02-19T16:46:44+00:00\" \/>\r\n<meta name=\"twitter:card\" content=\"summary_large_image\" \/>\r\n<meta name=\"twitter:label1\" content=\"Dur\u00e9e de lecture estim\u00e9e\" \/>\n\t<meta name=\"twitter:data1\" content=\"6 minutes\" \/>\r\n<script type=\"application\/ld+json\" class=\"yoast-schema-graph\">{\"@context\":\"https:\/\/schema.org\",\"@graph\":[{\"@type\":\"WebPage\",\"@id\":\"https:\/\/proquipsa.com\/fr\/cookies\/\",\"url\":\"https:\/\/proquipsa.com\/fr\/cookies\/\",\"name\":\"Cookies - Proquip SA\",\"isPartOf\":{\"@id\":\"https:\/\/proquipsa.com\/#website\"},\"datePublished\":\"2020-05-28T09:45:28+00:00\",\"dateModified\":\"2024-02-19T16:46:44+00:00\",\"breadcrumb\":{\"@id\":\"https:\/\/proquipsa.com\/fr\/cookies\/#breadcrumb\"},\"inLanguage\":\"fr-FR\",\"potentialAction\":[{\"@type\":\"ReadAction\",\"target\":[\"https:\/\/proquipsa.com\/fr\/cookies\/\"]}]},{\"@type\":\"BreadcrumbList\",\"@id\":\"https:\/\/proquipsa.com\/fr\/cookies\/#breadcrumb\",\"itemListElement\":[{\"@type\":\"ListItem\",\"position\":1,\"name\":\"Portada\",\"item\":\"https:\/\/proquipsa.com\/fr\/\"},{\"@type\":\"ListItem\",\"position\":2,\"name\":\"Cookies\"}]},{\"@type\":\"WebSite\",\"@id\":\"https:\/\/proquipsa.com\/#website\",\"url\":\"https:\/\/proquipsa.com\/\",\"name\":\"Proquip SA\",\"description\":\"Chemical products for all industries\",\"potentialAction\":[{\"@type\":\"SearchAction\",\"target\":{\"@type\":\"EntryPoint\",\"urlTemplate\":\"https:\/\/proquipsa.com\/?s={search_term_string}\"},\"query-input\":{\"@type\":\"PropertyValueSpecification\",\"valueRequired\":true,\"valueName\":\"search_term_string\"}}],\"inLanguage\":\"fr-FR\"}]}<\/script>\r\n<!-- \/ Yoast SEO plugin. -->","yoast_head_json":{"title":"Cookies - Proquip SA","robots":{"index":"index","follow":"follow","max-snippet":"max-snippet:-1","max-image-preview":"max-image-preview:large","max-video-preview":"max-video-preview:-1"},"canonical":"https:\/\/proquipsa.com\/fr\/cookies\/","og_locale":"fr_FR","og_type":"article","og_title":"Cookies - Proquip SA","og_description":"[vc_row][vc_column column_width_percent=\u00a0\u00bb100&Prime; gutter_size=\u00a0\u00bb3&Prime; style=\u00a0\u00bblight\u00a0\u00bb overlay_alpha=\u00a0\u00bb50&Prime; shift_x=\u00a0\u00bb0&Prime; shift_y=\u00a0\u00bb0&Prime; shift_y_down=\u00a0\u00bb0&Prime; z_index=\u00a0\u00bb0&Prime; medium_width=\u00a0\u00bb0&Prime; mobile_width=\u00a0\u00bb0&Prime; width=\u00a0\u00bb5\/6&Prime;][vc_custom_heading auto_text=\u00a0\u00bbyes\u00a0\u00bb uncode_shortcode_id=\u00a0\u00bb623380&Prime;] This is a custom heading element. [&hellip;]","og_url":"https:\/\/proquipsa.com\/fr\/cookies\/","og_site_name":"Proquip SA","article_modified_time":"2024-02-19T16:46:44+00:00","twitter_card":"summary_large_image","twitter_misc":{"Dur\u00e9e de lecture estim\u00e9e":"6 minutes"},"schema":{"@context":"https:\/\/schema.org","@graph":[{"@type":"WebPage","@id":"https:\/\/proquipsa.com\/fr\/cookies\/","url":"https:\/\/proquipsa.com\/fr\/cookies\/","name":"Cookies - Proquip SA","isPartOf":{"@id":"https:\/\/proquipsa.com\/#website"},"datePublished":"2020-05-28T09:45:28+00:00","dateModified":"2024-02-19T16:46:44+00:00","breadcrumb":{"@id":"https:\/\/proquipsa.com\/fr\/cookies\/#breadcrumb"},"inLanguage":"fr-FR","potentialAction":[{"@type":"ReadAction","target":["https:\/\/proquipsa.com\/fr\/cookies\/"]}]},{"@type":"BreadcrumbList","@id":"https:\/\/proquipsa.com\/fr\/cookies\/#breadcrumb","itemListElement":[{"@type":"ListItem","position":1,"name":"Portada","item":"https:\/\/proquipsa.com\/fr\/"},{"@type":"ListItem","position":2,"name":"Cookies"}]},{"@type":"WebSite","@id":"https:\/\/proquipsa.com\/#website","url":"https:\/\/proquipsa.com\/","name":"Proquip SA","description":"Chemical products for all industries","potentialAction":[{"@type":"SearchAction","target":{"@type":"EntryPoint","urlTemplate":"https:\/\/proquipsa.com\/?s={search_term_string}"},"query-input":{"@type":"PropertyValueSpecification","valueRequired":true,"valueName":"search_term_string"}}],"inLanguage":"fr-FR"}]}},"_links":{"self":[{"href":"https:\/\/proquipsa.com\/fr\/wp-json\/wp\/v2\/pages\/83491","targetHints":{"allow":["GET"]}}],"collection":[{"href":"https:\/\/proquipsa.com\/fr\/wp-json\/wp\/v2\/pages"}],"about":[{"href":"https:\/\/proquipsa.com\/fr\/wp-json\/wp\/v2\/types\/page"}],"author":[{"embeddable":true,"href":"https:\/\/proquipsa.com\/fr\/wp-json\/wp\/v2\/users\/1"}],"replies":[{"embeddable":true,"href":"https:\/\/proquipsa.com\/fr\/wp-json\/wp\/v2\/comments?post=83491"}],"version-history":[{"count":2,"href":"https:\/\/proquipsa.com\/fr\/wp-json\/wp\/v2\/pages\/83491\/revisions"}],"predecessor-version":[{"id":84732,"href":"https:\/\/proquipsa.com\/fr\/wp-json\/wp\/v2\/pages\/83491\/revisions\/84732"}],"wp:attachment":[{"href":"https:\/\/proquipsa.com\/fr\/wp-json\/wp\/v2\/media?parent=83491"}],"curies":[{"name":"wp","href":"https:\/\/api.w.org\/{rel}","templated":true}]}}